{"id":842,"date":"2025-08-20T11:40:17","date_gmt":"2025-08-20T11:40:17","guid":{"rendered":"https:\/\/cristine.it\/?page_id=842"},"modified":"2026-04-01T09:37:21","modified_gmt":"2026-04-01T09:37:21","slug":"parkplatz","status":"publish","type":"page","link":"https:\/\/cristine.it\/de\/parkplatz\/","title":{"rendered":"Parken"},"content":{"rendered":"<section class=\"bde-section-842-100 bde-section\">\n              \n  \n  \n\t\n\n  <div class=\"section-background-overlay\"><\/div>\n\n\n<div class=\"section-container\"><h1 class=\"bde-heading-842-101 bde-heading\">\nParken\n<\/h1><div class=\"bde-text-842-102 bde-text\" data-entrance=\"slideRight\">\nPrivatparkpl\u00e4tze an der Residenz (gegen Geb\u00fchr) und \u00f6ffentliche Parkpl\u00e4tze in der Umgebung.\n<\/div><\/div>\n<\/section><section class=\"bde-section-842-103 bde-section\">\n              \n  \n  \n\t\n\n\n\n<div class=\"section-container\"><div class=\"bde-div-842-158 bde-div\">\n  \n  \n\t\n\n\n\n<div class=\"bde-image-842-111 bde-image\">\n<figure class=\"breakdance-image breakdance-image--986\">\n\t<div class=\"breakdance-image-container\">\n\t\t<div class=\"breakdance-image-clip\"><a class=\"breakdance-image-link breakdance-image-link--url\" href=\"https:\/\/cristine.it\/de\/wohnungen-2\/wellness-wohnung\/\" target=\"_self\" rel=\"noopener\" data-sub-html=\"\" data-lg-size=\"-\"><img loading=\"lazy\" decoding=\"async\" class=\"breakdance-image-object\" src=\"https:\/\/cristine.it\/wp-content\/uploads\/2025\/08\/parcheggio-residence.webp\" width=\"1244\" height=\"917\" srcset=\"https:\/\/cristine.it\/wp-content\/uploads\/2025\/08\/parcheggio-residence.webp 1244w, https:\/\/cristine.it\/wp-content\/uploads\/2025\/08\/parcheggio-residence-300x221.webp 300w, https:\/\/cristine.it\/wp-content\/uploads\/2025\/08\/parcheggio-residence-1024x755.webp 1024w, https:\/\/cristine.it\/wp-content\/uploads\/2025\/08\/parcheggio-residence-768x566.webp 768w, https:\/\/cristine.it\/wp-content\/uploads\/2025\/08\/parcheggio-residence-16x12.webp 16w\" sizes=\"auto, (max-width: 1244px) 100vw, 1244px\"><\/a><\/div>\n\t<\/div><\/figure>\n\n<\/div><div class=\"bde-div-842-110 bde-div\">\n  \n  \n\t\n\n\n\n<h3 class=\"bde-heading-842-112 bde-heading\">\nParken in der Residenz Cristine gegen eine Geb\u00fchr\n<\/h3><div class=\"bde-text-842-113 bde-text\">\nF\u00fcr alle unsere G\u00e4ste stehen Parkpl\u00e4tze auf dem Vorplatz der Residenz zur Verf\u00fcgung. <br><b>Das Parken ist geb\u00fchrenpflichtig und kostet 10 \u20ac pro Tag, Reservierung erforderlich.<\/b><br><br>Der Parkplatz ist nur f\u00fcr normale Fahrzeuge unter 5 m L\u00e4nge vorgesehen. Autos mit Anh\u00e4ngern, Lieferwagen und Kleinbusse k\u00f6nnen nicht geparkt werden.<br><br>Der Parkplatz ist mit einem 24-Stunden-Video\u00fcberwachungssystem ausgestattet, aber er ist unbeaufsichtigt und bewacht (Tor immer offen).\n<\/div><div class=\"bde-button-842-140 bde-button\">\n    \n                                    \n    \n    \n    \n    \n            \n                    \n            \n            \n\n    \n    \n    \n    \n    \n    <a class=\"breakdance-link button-atom button-atom--text bde-button__button\" href=\"https:\/\/cristine.it\/de\/kontakte\/\" target=\"_self\" data-type=\"url\"  >\n\n    \n        <span class=\"button-atom__text\">KONTAKT US<\/span>\n\n        \n                    \n    <span class=\"button-atom__icon-wrapper\">\n\n        \n            <svg class=\"un-arrow-icon\" xmlns=\"http:\/\/www.w3.org\/2000\/svg\" width=\"32\" height=\"32\" viewbox=\"0 0 32 32\">\n                <g fill=\"none\" stroke-width=\"1.9\" stroke-linejoin=\"round\" stroke-miterlimit=\"10\">\n                    <circle class=\"un-arrow-icon_circle\" cx=\"16\" cy=\"16\" r=\"15.12\"><\/circle>\n                    <path class=\"un-arrow-icon_arrow\" d=\"M16.14 9.93L22.21 16l-6.07 6.07M8.23 16h13.98\"><\/path>\n                <\/g>\n            <\/svg>\n\n        \n    <\/span>\n\n\n        \n                <\/a>\n\n    \n\n\n<\/div>\n<\/div>\n<\/div><div class=\"bde-div-842-159 bde-div\">\n  \n  \n\t\n\n\n\n<div class=\"bde-image-842-160 bde-image\">\n<figure class=\"breakdance-image breakdance-image--1067\">\n\t<div class=\"breakdance-image-container\">\n\t\t<div class=\"breakdance-image-clip\"><a class=\"breakdance-image-link breakdance-image-link--url\" href=\"https:\/\/cristine.it\/de\/wohnungen-2\/wellness-wohnung\/\" target=\"_self\" rel=\"noopener\" data-sub-html=\"\" data-lg-size=\"-\"><img loading=\"lazy\" decoding=\"async\" class=\"breakdance-image-object\" src=\"https:\/\/cristine.it\/wp-content\/uploads\/2026\/04\/Parcheggio-via-monte-brione.jpg\" width=\"1244\" height=\"917\" srcset=\"https:\/\/cristine.it\/wp-content\/uploads\/2026\/04\/Parcheggio-via-monte-brione.jpg 1244w, https:\/\/cristine.it\/wp-content\/uploads\/2026\/04\/Parcheggio-via-monte-brione-300x221.jpg 300w, https:\/\/cristine.it\/wp-content\/uploads\/2026\/04\/Parcheggio-via-monte-brione-1024x755.jpg 1024w, https:\/\/cristine.it\/wp-content\/uploads\/2026\/04\/Parcheggio-via-monte-brione-768x566.jpg 768w, https:\/\/cristine.it\/wp-content\/uploads\/2026\/04\/Parcheggio-via-monte-brione-16x12.jpg 16w\" sizes=\"auto, (max-width: 1244px) 100vw, 1244px\"><\/a><\/div>\n\t<\/div><\/figure>\n\n<\/div><div class=\"bde-div-842-161 bde-div\">\n  \n  \n\t\n\n\n\n<h3 class=\"bde-heading-842-162 bde-heading\">\nKostenpflichtiger \u00f6ffentlicher Parkplatz.\n<\/h3><div class=\"bde-text-842-163 bde-text\">\nKostenlose Parkpl\u00e4tze sind in der Via Monte Brione vorhanden. Es ist nur 70 Meter von der Residence Cristine entfernt. \n<\/div><div class=\"bde-button-842-164 bde-button\">\n    \n                                    \n    \n    \n    \n    \n            \n                    \n            \n            \n\n    \n    \n    \n    \n    \n    <a class=\"breakdance-link button-atom button-atom--text bde-button__button\" href=\"https:\/\/maps.app.goo.gl\/PPNKA8pZWaaRcbsQ8\" target=\"_blank\" data-type=\"url\"  >\n\n    \n        <span class=\"button-atom__text\">AUF KARTEN SEHEN<\/span>\n\n        \n                    \n    <span class=\"button-atom__icon-wrapper\">\n\n        \n            <svg class=\"un-arrow-icon\" xmlns=\"http:\/\/www.w3.org\/2000\/svg\" width=\"32\" height=\"32\" viewbox=\"0 0 32 32\">\n                <g fill=\"none\" stroke-width=\"1.9\" stroke-linejoin=\"round\" stroke-miterlimit=\"10\">\n                    <circle class=\"un-arrow-icon_circle\" cx=\"16\" cy=\"16\" r=\"15.12\"><\/circle>\n                    <path class=\"un-arrow-icon_arrow\" d=\"M16.14 9.93L22.21 16l-6.07 6.07M8.23 16h13.98\"><\/path>\n                <\/g>\n            <\/svg>\n\n        \n    <\/span>\n\n\n        \n                <\/a>\n\n    \n\n\n<\/div>\n<\/div>\n<\/div><div class=\"bde-div-842-165 bde-div\">\n  \n  \n\t\n\n\n\n<div class=\"bde-image-842-166 bde-image\">\n<figure class=\"breakdance-image breakdance-image--985\">\n\t<div class=\"breakdance-image-container\">\n\t\t<div class=\"breakdance-image-clip\"><a class=\"breakdance-image-link breakdance-image-link--url\" href=\"https:\/\/cristine.it\/de\/wohnungen-2\/wellness-wohnung\/\" target=\"_self\" rel=\"noopener\" data-sub-html=\"\" data-lg-size=\"-\"><img loading=\"lazy\" decoding=\"async\" class=\"breakdance-image-object\" src=\"https:\/\/cristine.it\/wp-content\/uploads\/2025\/08\/parcheggio-via-treviso.webp\" width=\"1244\" height=\"917\" srcset=\"https:\/\/cristine.it\/wp-content\/uploads\/2025\/08\/parcheggio-via-treviso.webp 1244w, https:\/\/cristine.it\/wp-content\/uploads\/2025\/08\/parcheggio-via-treviso-300x221.webp 300w, https:\/\/cristine.it\/wp-content\/uploads\/2025\/08\/parcheggio-via-treviso-1024x755.webp 1024w, https:\/\/cristine.it\/wp-content\/uploads\/2025\/08\/parcheggio-via-treviso-768x566.webp 768w, https:\/\/cristine.it\/wp-content\/uploads\/2025\/08\/parcheggio-via-treviso-16x12.webp 16w\" sizes=\"auto, (max-width: 1244px) 100vw, 1244px\"><\/a><\/div>\n\t<\/div><\/figure>\n\n<\/div><div class=\"bde-div-842-167 bde-div\">\n  \n  \n\t\n\n\n\n<h3 class=\"bde-heading-842-168 bde-heading\">\n\u00d6ffentliche geb\u00fchrenpflichtige Parkpl\u00e4tze\n<\/h3><div class=\"bde-text-842-169 bde-text\">\nDer Parkplatz befindet sich in der Via Treviso 29, 850 m von der Residence Cristine entfernt.\n<\/div><div class=\"bde-button-842-170 bde-button\">\n    \n                                    \n    \n    \n    \n    \n            \n                    \n            \n            \n\n    \n    \n    \n    \n    \n    <a class=\"breakdance-link button-atom button-atom--text bde-button__button\" href=\"https:\/\/maps.app.goo.gl\/euouiyPHpDBqXctR7\" target=\"_blank\" data-type=\"url\"  >\n\n    \n        <span class=\"button-atom__text\">AUF KARTEN SEHEN<\/span>\n\n        \n                    \n    <span class=\"button-atom__icon-wrapper\">\n\n        \n            <svg class=\"un-arrow-icon\" xmlns=\"http:\/\/www.w3.org\/2000\/svg\" width=\"32\" height=\"32\" viewbox=\"0 0 32 32\">\n                <g fill=\"none\" stroke-width=\"1.9\" stroke-linejoin=\"round\" stroke-miterlimit=\"10\">\n                    <circle class=\"un-arrow-icon_circle\" cx=\"16\" cy=\"16\" r=\"15.12\"><\/circle>\n                    <path class=\"un-arrow-icon_arrow\" d=\"M16.14 9.93L22.21 16l-6.07 6.07M8.23 16h13.98\"><\/path>\n                <\/g>\n            <\/svg>\n\n        \n    <\/span>\n\n\n        \n                <\/a>\n\n    \n\n\n<\/div>\n<\/div>\n<\/div><\/div>\n<\/section>","protected":false},"excerpt":{"rendered":"<p>Parcheggio Disponbilie parcheggio privato del residence a pagamento e parcheggi pubblici in zona. Parcheggio del Residence Cristine a pagamento Per tutti i nostri clienti abbiamo disponibile il parcheggio nel piazzale del Residence. Il parcheggio \u00e8 a pagamento e costa \u20ac10 al giorno, con prenotazione obbligatoria.Il parcheggio \u00e8 solo per veicoli normali con lunghezza inferiore a [&hellip;]<\/p>","protected":false},"author":2,"featured_media":0,"parent":0,"menu_order":0,"comment_status":"closed","ping_status":"closed","template":"","meta":{"_breakdance_hide_in_design_set":false,"_breakdance_tags":"","footnotes":""},"class_list":["post-842","page","type-page","status-publish","hentry"],"_links":{"self":[{"href":"https:\/\/cristine.it\/de\/wp-json\/wp\/v2\/pages\/842","targetHints":{"allow":["GET"]}}],"collection":[{"href":"https:\/\/cristine.it\/de\/wp-json\/wp\/v2\/pages"}],"about":[{"href":"https:\/\/cristine.it\/de\/wp-json\/wp\/v2\/types\/page"}],"author":[{"embeddable":true,"href":"https:\/\/cristine.it\/de\/wp-json\/wp\/v2\/users\/2"}],"replies":[{"embeddable":true,"href":"https:\/\/cristine.it\/de\/wp-json\/wp\/v2\/comments?post=842"}],"version-history":[{"count":10,"href":"https:\/\/cristine.it\/de\/wp-json\/wp\/v2\/pages\/842\/revisions"}],"predecessor-version":[{"id":1069,"href":"https:\/\/cristine.it\/de\/wp-json\/wp\/v2\/pages\/842\/revisions\/1069"}],"wp:attachment":[{"href":"https:\/\/cristine.it\/de\/wp-json\/wp\/v2\/media?parent=842"}],"curies":[{"name":"wp","href":"https:\/\/api.w.org\/{rel}","templated":true}]}}